{"id":5017,"date":"2022-05-11T16:06:33","date_gmt":"2022-05-11T16:06:33","guid":{"rendered":"https:\/\/thenookhostel.com\/?post_type=product&#038;p=5017"},"modified":"2022-06-07T17:28:33","modified_gmt":"2022-06-07T17:28:33","slug":"saco","status":"publish","type":"product","link":"https:\/\/thenookhostel.com\/pt\/produto\/saco\/","title":{"rendered":"Saco Reutiliz\u00e1vel"},"content":{"rendered":"<p>Este saco 100% algod\u00e3o (100 g\/m\u00b2) \u00e9 amigo do ambiente e perfeito para ires \u00e0s compras ou para levares no teu passeio. Com al\u00e7as de 30 cm. 370 x 410 mm. Mais do que \u00fatil, uma recorda\u00e7\u00e3o da nossa casa!<\/p>","protected":false},"excerpt":{"rendered":"<p>100% cotton reusable bag.<\/p>","protected":false},"featured_media":5038,"template":"","meta":[],"product_brand":[],"product_cat":[31],"product_tag":[],"class_list":{"0":"post-5017","1":"product","2":"type-product","3":"status-publish","4":"has-post-thumbnail","6":"product_cat-acessorios","8":"first","9":"instock","10":"shipping-taxable","11":"purchasable","12":"product-type-simple"},"_links":{"self":[{"href":"https:\/\/thenookhostel.com\/pt\/wp-json\/wp\/v2\/product\/5017","targetHints":{"allow":["GET"]}}],"collection":[{"href":"https:\/\/thenookhostel.com\/pt\/wp-json\/wp\/v2\/product"}],"about":[{"href":"https:\/\/thenookhostel.com\/pt\/wp-json\/wp\/v2\/types\/product"}],"wp:featuredmedia":[{"embeddable":true,"href":"https:\/\/thenookhostel.com\/pt\/wp-json\/wp\/v2\/media\/5038"}],"wp:attachment":[{"href":"https:\/\/thenookhostel.com\/pt\/wp-json\/wp\/v2\/media?parent=5017"}],"wp:term":[{"taxonomy":"product_brand","embeddable":true,"href":"https:\/\/thenookhostel.com\/pt\/wp-json\/wp\/v2\/product_brand?post=5017"},{"taxonomy":"product_cat","embeddable":true,"href":"https:\/\/thenookhostel.com\/pt\/wp-json\/wp\/v2\/product_cat?post=5017"},{"taxonomy":"product_tag","embeddable":true,"href":"https:\/\/thenookhostel.com\/pt\/wp-json\/wp\/v2\/product_tag?post=5017"}],"curies":[{"name":"wp","href":"https:\/\/api.w.org\/{rel}","templated":true}]}}