{"id":5016,"date":"2022-05-11T16:04:11","date_gmt":"2022-05-11T16:04:11","guid":{"rendered":"https:\/\/thenookhostel.com\/product\/hoodie-with-logo-2\/"},"modified":"2022-06-07T17:14:44","modified_gmt":"2022-06-07T17:14:44","slug":"bone","status":"publish","type":"product","link":"https:\/\/thenookhostel.com\/pt\/produto\/bone\/","title":{"rendered":"Chap\u00e9u"},"content":{"rendered":"<p class=\"translation-block\">Protege-te do sol com este bon\u00e9 em poli\u00e9ster e rede, ajust\u00e1vel com fecho de pl\u00e1stico. Os teus amigos v\u00e3o roer-se de inveja! Mais do que \u00fatil, uma recorda\u00e7\u00e3o da nossa casa! Tamanho: 580 mm<\/p>","protected":false},"excerpt":{"rendered":"<p>Adjustable polyester cap.<\/p>","protected":false},"featured_media":5039,"template":"","meta":[],"product_brand":[],"product_cat":[30],"product_tag":[],"class_list":{"0":"post-5016","1":"product","2":"type-product","3":"status-publish","4":"has-post-thumbnail","6":"product_cat-roupa","8":"first","9":"instock","10":"shipping-taxable","11":"purchasable","12":"product-type-simple"},"_links":{"self":[{"href":"https:\/\/thenookhostel.com\/pt\/wp-json\/wp\/v2\/product\/5016","targetHints":{"allow":["GET"]}}],"collection":[{"href":"https:\/\/thenookhostel.com\/pt\/wp-json\/wp\/v2\/product"}],"about":[{"href":"https:\/\/thenookhostel.com\/pt\/wp-json\/wp\/v2\/types\/product"}],"wp:featuredmedia":[{"embeddable":true,"href":"https:\/\/thenookhostel.com\/pt\/wp-json\/wp\/v2\/media\/5039"}],"wp:attachment":[{"href":"https:\/\/thenookhostel.com\/pt\/wp-json\/wp\/v2\/media?parent=5016"}],"wp:term":[{"taxonomy":"product_brand","embeddable":true,"href":"https:\/\/thenookhostel.com\/pt\/wp-json\/wp\/v2\/product_brand?post=5016"},{"taxonomy":"product_cat","embeddable":true,"href":"https:\/\/thenookhostel.com\/pt\/wp-json\/wp\/v2\/product_cat?post=5016"},{"taxonomy":"product_tag","embeddable":true,"href":"https:\/\/thenookhostel.com\/pt\/wp-json\/wp\/v2\/product_tag?post=5016"}],"curies":[{"name":"wp","href":"https:\/\/api.w.org\/{rel}","templated":true}]}}