{"id":5004,"date":"2022-05-11T15:19:11","date_gmt":"2022-05-11T15:19:11","guid":{"rendered":"https:\/\/thenookhostel.com\/product\/hoodie-with-logo\/"},"modified":"2022-06-07T17:10:22","modified_gmt":"2022-06-07T17:10:22","slug":"garrafa","status":"publish","type":"product","link":"https:\/\/thenookhostel.com\/pt\/produto\/garrafa\/","title":{"rendered":"Garrafa Desportiva"},"content":{"rendered":"<p>Esta garrafa de desporto em alum\u00ednio com mosquet\u00e3o vai ser muito \u00fatil para os teus trilhos. Mais do que \u00fatil, uma recorda\u00e7\u00e3o da nossa casa! Capacidade at\u00e9 400 ml.\u00f866 x 176 mm.<\/p>","protected":false},"excerpt":{"rendered":"<p>Sports bottle (400ml).<\/p>","protected":false},"featured_media":5040,"template":"","meta":[],"product_brand":[],"product_cat":[31],"product_tag":[],"class_list":{"0":"post-5004","1":"product","2":"type-product","3":"status-publish","4":"has-post-thumbnail","6":"product_cat-acessorios","8":"first","9":"instock","10":"shipping-taxable","11":"purchasable","12":"product-type-simple"},"_links":{"self":[{"href":"https:\/\/thenookhostel.com\/pt\/wp-json\/wp\/v2\/product\/5004","targetHints":{"allow":["GET"]}}],"collection":[{"href":"https:\/\/thenookhostel.com\/pt\/wp-json\/wp\/v2\/product"}],"about":[{"href":"https:\/\/thenookhostel.com\/pt\/wp-json\/wp\/v2\/types\/product"}],"wp:featuredmedia":[{"embeddable":true,"href":"https:\/\/thenookhostel.com\/pt\/wp-json\/wp\/v2\/media\/5040"}],"wp:attachment":[{"href":"https:\/\/thenookhostel.com\/pt\/wp-json\/wp\/v2\/media?parent=5004"}],"wp:term":[{"taxonomy":"product_brand","embeddable":true,"href":"https:\/\/thenookhostel.com\/pt\/wp-json\/wp\/v2\/product_brand?post=5004"},{"taxonomy":"product_cat","embeddable":true,"href":"https:\/\/thenookhostel.com\/pt\/wp-json\/wp\/v2\/product_cat?post=5004"},{"taxonomy":"product_tag","embeddable":true,"href":"https:\/\/thenookhostel.com\/pt\/wp-json\/wp\/v2\/product_tag?post=5004"}],"curies":[{"name":"wp","href":"https:\/\/api.w.org\/{rel}","templated":true}]}}